{"id":1015,"date":"2020-02-23T12:04:12","date_gmt":"2020-02-23T10:04:12","guid":{"rendered":"https:\/\/challengeacademy.ro\/?page_id=1015"},"modified":"2026-05-03T11:53:52","modified_gmt":"2026-05-03T09:53:52","slug":"home","status":"publish","type":"page","link":"https:\/\/challengeacademy.ro\/ro\/","title":{"rendered":"HOME"},"content":{"rendered":"<div data-elementor-type=\"wp-page\" data-elementor-id=\"1015\" class=\"elementor elementor-1015\">\n\t\t\t\t\t\t<section class=\"elementor-section elementor-top-section elementor-element elementor-element-73fe52a elementor-section-boxed elementor-section-height-default elementor-section-height-default\" data-id=\"73fe52a\" data-element_type=\"section\" data-e-type=\"section\">\n\t\t\t\t\t\t<div class=\"elementor-container elementor-column-gap-default\">\n\t\t\t\t\t<div class=\"elementor-column elementor-col-100 elementor-top-column elementor-element elementor-element-4631d52\" data-id=\"4631d52\" data-element_type=\"column\" data-e-type=\"column\">\n\t\t\t<div class=\"elementor-widget-wrap elementor-element-populated\">\n\t\t\t\t\t\t<div class=\"elementor-element elementor-element-ed574e2 elementor-widget elementor-widget-spacer\" data-id=\"ed574e2\" data-element_type=\"widget\" data-e-type=\"widget\" data-widget_type=\"spacer.default\">\n\t\t\t\t<div class=\"elementor-widget-container\">\n\t\t\t\t\t\t\t<div class=\"elementor-spacer\">\n\t\t\t<div class=\"elementor-spacer-inner\"><\/div>\n\t\t<\/div>\n\t\t\t\t\t\t<\/div>\n\t\t\t\t<\/div>\n\t\t\t\t\t<\/div>\n\t\t<\/div>\n\t\t\t\t\t<\/div>\n\t\t<\/section>\n\t\t\t\t<section class=\"elementor-section elementor-top-section elementor-element elementor-element-89c0735 elementor-section-full_width elementor-section-height-full elementor-hidden-tablet elementor-hidden-phone elementor-section-height-default elementor-section-items-middle\" data-id=\"89c0735\" data-element_type=\"section\" data-e-type=\"section\" data-settings=\"{&quot;background_background&quot;:&quot;classic&quot;,&quot;animation&quot;:&quot;none&quot;}\" data-no-translation=\"\">\n\t\t\t\t\t\t\t<div class=\"elementor-background-overlay\"><\/div>\n\t\t\t\t\t\t\t<div class=\"elementor-container elementor-column-gap-default\">\n\t\t\t\t\t<div class=\"elementor-column elementor-col-33 elementor-top-column elementor-element elementor-element-e3ea4d7\" data-id=\"e3ea4d7\" data-element_type=\"column\" data-e-type=\"column\">\n\t\t\t<div class=\"elementor-widget-wrap\">\n\t\t\t\t\t\t\t<\/div>\n\t\t<\/div>\n\t\t\t\t<div class=\"elementor-column elementor-col-33 elementor-top-column elementor-element elementor-element-8543a22\" data-id=\"8543a22\" data-element_type=\"column\" data-e-type=\"column\">\n\t\t\t<div class=\"elementor-widget-wrap\">\n\t\t\t\t\t\t\t<\/div>\n\t\t<\/div>\n\t\t\t\t<div class=\"elementor-column elementor-col-33 elementor-top-column elementor-element elementor-element-546d9e9\" data-id=\"546d9e9\" data-element_type=\"column\" data-e-type=\"column\" data-settings=\"{&quot;animation&quot;:&quot;none&quot;}\">\n\t\t\t<div class=\"elementor-widget-wrap elementor-element-populated\">\n\t\t\t\t\t\t<div class=\"elementor-element elementor-element-a41da7a elementor-widget elementor-widget-heading\" data-id=\"a41da7a\" data-element_type=\"widget\" data-e-type=\"widget\" data-widget_type=\"heading.default\">\n\t\t\t\t<div class=\"elementor-widget-container\">\n\t\t\t\t\t<h2 class=\"elementor-heading-title elementor-size-default\">Viziune<\/h2>\t\t\t\t<\/div>\n\t\t\t\t<\/div>\n\t\t\t\t<div class=\"elementor-element elementor-element-6ba7d45 elementor-widget elementor-widget-text-editor\" data-id=\"6ba7d45\" data-element_type=\"widget\" data-e-type=\"widget\" data-widget_type=\"text-editor.default\">\n\t\t\t\t<div class=\"elementor-widget-container\">\n\t\t\t\t\t\t\t\t\t<p style=\"text-align: left;\"><strong>The Challenge Academy<\/strong> este o \u0219coal\u0103 de idee care s-a n\u0103scut din dorin\u021ba explor\u0103rii creative a ceea ce poate \u00eensemna <strong>competi\u021bia de arhitectur\u0103<\/strong> ca proces educa\u021bional. Concursul de arhitectur\u0103 este, de cele mai multe ori, cel mai bun pretext pentru a ne determina s\u0103 rezolv\u0103m creativ probleme reale, cu implica\u021bii sociale \u0219i culturale relevante, oferindu-ne motiva\u021bia unui premiu, la cap\u0103tul acestui proces.<\/p>\t\t\t\t\t\t\t\t<\/div>\n\t\t\t\t<\/div>\n\t\t\t\t\t<\/div>\n\t\t<\/div>\n\t\t\t\t\t<\/div>\n\t\t<\/section>\n\t\t\t\t<section class=\"elementor-section elementor-top-section elementor-element elementor-element-1d16f7f elementor-section-full_width elementor-section-height-full elementor-hidden-tablet elementor-hidden-phone elementor-section-height-default elementor-section-items-middle\" data-id=\"1d16f7f\" data-element_type=\"section\" data-e-type=\"section\" data-settings=\"{&quot;background_background&quot;:&quot;classic&quot;,&quot;animation&quot;:&quot;none&quot;}\" data-no-translation=\"\">\n\t\t\t\t\t\t\t<div class=\"elementor-background-overlay\"><\/div>\n\t\t\t\t\t\t\t<div class=\"elementor-container elementor-column-gap-default\">\n\t\t\t\t\t<div class=\"elementor-column elementor-col-33 elementor-top-column elementor-element elementor-element-facbf2c\" data-id=\"facbf2c\" data-element_type=\"column\" data-e-type=\"column\">\n\t\t\t<div class=\"elementor-widget-wrap\">\n\t\t\t\t\t\t\t<\/div>\n\t\t<\/div>\n\t\t\t\t<div class=\"elementor-column elementor-col-33 elementor-top-column elementor-element elementor-element-113effb\" data-id=\"113effb\" data-element_type=\"column\" data-e-type=\"column\">\n\t\t\t<div class=\"elementor-widget-wrap\">\n\t\t\t\t\t\t\t<\/div>\n\t\t<\/div>\n\t\t\t\t<div class=\"elementor-column elementor-col-33 elementor-top-column elementor-element elementor-element-4c3e0b9\" data-id=\"4c3e0b9\" data-element_type=\"column\" data-e-type=\"column\" data-settings=\"{&quot;animation&quot;:&quot;none&quot;}\">\n\t\t\t<div class=\"elementor-widget-wrap elementor-element-populated\">\n\t\t\t\t\t\t<div class=\"elementor-element elementor-element-324ddc1 elementor-widget elementor-widget-text-editor\" data-id=\"324ddc1\" data-element_type=\"widget\" data-e-type=\"widget\" data-widget_type=\"text-editor.default\">\n\t\t\t\t<div class=\"elementor-widget-container\">\n\t\t\t\t\t\t\t\t\t<p style=\"text-align: left;\">Programul \u00eemplete\u0219te metodelele consecrate de a \u00eenv\u0103\u021ba arhitectura cu g\u00e2ndirea laterala \u0219i diverse forme experimentale de implicare. Procesul de punere \u00een practic\u0103 urm\u0103re\u0219te s\u0103 ajute la \u00eenchegarea unei noi no\u021biuni a ideii de institu\u021bie &#8211; ce \u00eenseamn\u0103 o institu\u021bie, ce ar trebui ea s\u0103 ofere? Care sunt metodele de rezolvare a problemelor sistemului tradi\u021bional?<\/p>\t\t\t\t\t\t\t\t<\/div>\n\t\t\t\t<\/div>\n\t\t\t\t\t<\/div>\n\t\t<\/div>\n\t\t\t\t\t<\/div>\n\t\t<\/section>\n\t\t\t\t<section class=\"elementor-section elementor-top-section elementor-element elementor-element-b13ccb6 elementor-section-full_width elementor-section-height-full elementor-hidden-tablet elementor-hidden-phone elementor-section-height-default elementor-section-items-middle\" data-id=\"b13ccb6\" data-element_type=\"section\" data-e-type=\"section\" data-settings=\"{&quot;background_background&quot;:&quot;classic&quot;,&quot;animation&quot;:&quot;none&quot;}\" data-no-translation=\"\">\n\t\t\t\t\t\t\t<div class=\"elementor-background-overlay\"><\/div>\n\t\t\t\t\t\t\t<div class=\"elementor-container elementor-column-gap-default\">\n\t\t\t\t\t<div class=\"elementor-column elementor-col-33 elementor-top-column elementor-element elementor-element-ccd01a5\" data-id=\"ccd01a5\" data-element_type=\"column\" data-e-type=\"column\">\n\t\t\t<div class=\"elementor-widget-wrap\">\n\t\t\t\t\t\t\t<\/div>\n\t\t<\/div>\n\t\t\t\t<div class=\"elementor-column elementor-col-33 elementor-top-column elementor-element elementor-element-ea9fc35\" data-id=\"ea9fc35\" data-element_type=\"column\" data-e-type=\"column\">\n\t\t\t<div class=\"elementor-widget-wrap\">\n\t\t\t\t\t\t\t<\/div>\n\t\t<\/div>\n\t\t\t\t<div class=\"elementor-column elementor-col-33 elementor-top-column elementor-element elementor-element-32962be\" data-id=\"32962be\" data-element_type=\"column\" data-e-type=\"column\" data-settings=\"{&quot;animation&quot;:&quot;none&quot;}\">\n\t\t\t<div class=\"elementor-widget-wrap elementor-element-populated\">\n\t\t\t\t\t\t<div class=\"elementor-element elementor-element-bc675ee elementor-widget elementor-widget-text-editor\" data-id=\"bc675ee\" data-element_type=\"widget\" data-e-type=\"widget\" data-widget_type=\"text-editor.default\">\n\t\t\t\t<div class=\"elementor-widget-container\">\n\t\t\t\t\t\t\t\t\t<p>Fie c\u0103 punem \u00een discu\u021bie \u00eensu\u0219irea de cuno\u0219tin\u021be, sau c\u0103 vorbim de <strong>mentorat<\/strong> (extins dincolo de sfera educa\u021biei de arhitectur\u0103), programul se bazeaz\u0103 pe punerea \u00een legatur\u0103 a arhitec\u021bilor \u0219i studen\u021bilor doctoranzi cu studen\u021bii din anii mici de studiu. Miz\u0103m astfel pe crearea unor cicluri de transmitere a know how-ului &#8211; fiecare individ parte din proces devine un generator de strategii. Altfel spus, <em>\u0218coala asta este o list\u0103 de nume<\/em>, cum prefer\u0103m s\u0103 esen\u021bializ\u0103m acest proces de experimentare-evaluare-reinventare.\u00a0<\/p>\t\t\t\t\t\t\t\t<\/div>\n\t\t\t\t<\/div>\n\t\t\t\t\t<\/div>\n\t\t<\/div>\n\t\t\t\t\t<\/div>\n\t\t<\/section>\n\t\t\t\t<section class=\"elementor-section elementor-top-section elementor-element elementor-element-517d868 elementor-section-full_width elementor-section-height-full elementor-hidden-tablet elementor-hidden-phone elementor-section-height-default elementor-section-items-middle\" data-id=\"517d868\" data-element_type=\"section\" data-e-type=\"section\" data-settings=\"{&quot;background_background&quot;:&quot;classic&quot;,&quot;animation&quot;:&quot;none&quot;}\" data-no-translation=\"\">\n\t\t\t\t\t\t\t<div class=\"elementor-background-overlay\"><\/div>\n\t\t\t\t\t\t\t<div class=\"elementor-container elementor-column-gap-default\">\n\t\t\t\t\t<div class=\"elementor-column elementor-col-33 elementor-top-column elementor-element elementor-element-07f4f72\" data-id=\"07f4f72\" data-element_type=\"column\" data-e-type=\"column\">\n\t\t\t<div class=\"elementor-widget-wrap\">\n\t\t\t\t\t\t\t<\/div>\n\t\t<\/div>\n\t\t\t\t<div class=\"elementor-column elementor-col-33 elementor-top-column elementor-element elementor-element-4743151\" data-id=\"4743151\" data-element_type=\"column\" data-e-type=\"column\">\n\t\t\t<div class=\"elementor-widget-wrap\">\n\t\t\t\t\t\t\t<\/div>\n\t\t<\/div>\n\t\t\t\t<div class=\"elementor-column elementor-col-33 elementor-top-column elementor-element elementor-element-b3c980f\" data-id=\"b3c980f\" data-element_type=\"column\" data-e-type=\"column\" data-settings=\"{&quot;animation&quot;:&quot;none&quot;}\">\n\t\t\t<div class=\"elementor-widget-wrap elementor-element-populated\">\n\t\t\t\t\t\t<div class=\"elementor-element elementor-element-05430db elementor-widget elementor-widget-heading\" data-id=\"05430db\" data-element_type=\"widget\" data-e-type=\"widget\" data-widget_type=\"heading.default\">\n\t\t\t\t<div class=\"elementor-widget-container\">\n\t\t\t\t\t<h2 class=\"elementor-heading-title elementor-size-default\">Spa\u021biul<\/h2>\t\t\t\t<\/div>\n\t\t\t\t<\/div>\n\t\t\t\t<div class=\"elementor-element elementor-element-60641da elementor-widget elementor-widget-text-editor\" data-id=\"60641da\" data-element_type=\"widget\" data-e-type=\"widget\" data-widget_type=\"text-editor.default\">\n\t\t\t\t<div class=\"elementor-widget-container\">\n\t\t\t\t\t\t\t\t\t<p style=\"text-align: left;\">\u00centreaga explorare a acestor metode alternative de a aborda educa\u021bia de arhitectur\u0103 este g\u0103zduit\u0103 de Nod Makerspace, \u00een biblioteca de materiale Mater. Totu\u0219i, contextul pandemiei ne-a facut s\u0103 ne \u00eentreb\u0103m cum am putea \u00eenv\u0103\u021ba pe baza concursului, fara a ne autoimpune limitarile pe care le implica un loc fix. A\u0219adar, urmatoarea etapa pe care o pl\u0103nuim este reconectarea celor patru facultati de arhitectur\u0103 existente \u00een Romania, printr-un semestru de cursuri online \u0219i educatie prin competi\u021bie.<\/p><p style=\"text-align: center;\">\u00a0<\/p>\t\t\t\t\t\t\t\t<\/div>\n\t\t\t\t<\/div>\n\t\t\t\t\t<\/div>\n\t\t<\/div>\n\t\t\t\t\t<\/div>\n\t\t<\/section>\n\t\t\t\t<section class=\"elementor-section elementor-top-section elementor-element elementor-element-577f8ef elementor-hidden-desktop elementor-section-boxed elementor-section-height-default elementor-section-height-default\" data-id=\"577f8ef\" data-element_type=\"section\" data-e-type=\"section\" data-no-translation=\"\">\n\t\t\t\t\t\t<div class=\"elementor-container elementor-column-gap-default\">\n\t\t\t\t\t<div class=\"elementor-column elementor-col-100 elementor-top-column elementor-element elementor-element-bcc9d09\" data-id=\"bcc9d09\" data-element_type=\"column\" data-e-type=\"column\">\n\t\t\t<div class=\"elementor-widget-wrap elementor-element-populated\">\n\t\t\t\t\t\t<div class=\"elementor-element elementor-element-aac8854 elementor-widget elementor-widget-heading\" data-id=\"aac8854\" data-element_type=\"widget\" data-e-type=\"widget\" data-widget_type=\"heading.default\">\n\t\t\t\t<div class=\"elementor-widget-container\">\n\t\t\t\t\t<h2 class=\"elementor-heading-title elementor-size-default\">Viziune<\/h2>\t\t\t\t<\/div>\n\t\t\t\t<\/div>\n\t\t\t\t<div class=\"elementor-element elementor-element-942855c elementor-widget elementor-widget-text-editor\" data-id=\"942855c\" data-element_type=\"widget\" data-e-type=\"widget\" data-widget_type=\"text-editor.default\">\n\t\t\t\t<div class=\"elementor-widget-container\">\n\t\t\t\t\t\t\t\t\t<p><strong>The Challenge Academy<\/strong> este o \u0219coal\u0103 de idee care s-a n\u0103scut din dorin\u021ba explor\u0103rii creative a ceea ce poate \u00eensemna <strong>competi\u021bia de arhitectur\u0103<\/strong> ca proces educa\u021bional. Concursul de arhitectur\u0103 este, de cele mai multe ori, cel mai bun pretext pentru a ne determina s\u0103 rezolv\u0103m creativ probleme reale, cu implica\u021bii sociale \u0219i culturale relevante, oferindu-ne motiva\u021bia unui premiu, la cap\u0103tul acestui proces.<\/p>\t\t\t\t\t\t\t\t<\/div>\n\t\t\t\t<\/div>\n\t\t\t\t<div class=\"elementor-element elementor-element-b2fec3c elementor-widget elementor-widget-image\" data-id=\"b2fec3c\" data-element_type=\"widget\" data-e-type=\"widget\" data-widget_type=\"image.default\">\n\t\t\t\t<div class=\"elementor-widget-container\">\n\t\t\t\t\t\t\t\t\t\t\t\t\t\t\t<img fetchpriority=\"high\" decoding=\"async\" width=\"1024\" height=\"684\" src=\"https:\/\/challengeacademy.ro\/wp-content\/uploads\/2020\/09\/cha-31-1024x684.jpg\" class=\"attachment-large size-large wp-image-1883\" alt=\"\" srcset=\"https:\/\/challengeacademy.ro\/wp-content\/uploads\/2020\/09\/cha-31-1024x684.jpg 1024w, https:\/\/challengeacademy.ro\/wp-content\/uploads\/2020\/09\/cha-31-300x200.jpg 300w, https:\/\/challengeacademy.ro\/wp-content\/uploads\/2020\/09\/cha-31-768x513.jpg 768w, https:\/\/challengeacademy.ro\/wp-content\/uploads\/2020\/09\/cha-31-1536x1025.jpg 1536w, https:\/\/challengeacademy.ro\/wp-content\/uploads\/2020\/09\/cha-31-2048x1367.jpg 2048w\" sizes=\"(max-width: 1024px) 100vw, 1024px\" \/>\t\t\t\t\t\t\t\t\t\t\t\t\t\t\t<\/div>\n\t\t\t\t<\/div>\n\t\t\t\t<div class=\"elementor-element elementor-element-54ae386 elementor-widget elementor-widget-text-editor\" data-id=\"54ae386\" data-element_type=\"widget\" data-e-type=\"widget\" data-widget_type=\"text-editor.default\">\n\t\t\t\t<div class=\"elementor-widget-container\">\n\t\t\t\t\t\t\t\t\t<p>Programul \u00eemplete\u0219te metodelele consecrate de a \u00eenv\u0103\u021ba arhitectura cu g\u00e2ndirea laterala \u0219i diverse forme experimentale de implicare. Procesul de punere \u00een practic\u0103 urm\u0103re\u0219te s\u0103 ajute la \u00eenchegarea unei noi no\u021biuni a ideii de institu\u021bie &#8211; ce \u00eenseamn\u0103 o institu\u021bie, ce ar trebui ea s\u0103 ofere? Care sunt metodele de rezolvare a problemelor sistemului tradi\u021bional?<\/p>\t\t\t\t\t\t\t\t<\/div>\n\t\t\t\t<\/div>\n\t\t\t\t<div class=\"elementor-element elementor-element-91c09fa elementor-widget elementor-widget-image\" data-id=\"91c09fa\" data-element_type=\"widget\" data-e-type=\"widget\" data-widget_type=\"image.default\">\n\t\t\t\t<div class=\"elementor-widget-container\">\n\t\t\t\t\t\t\t\t\t\t\t\t\t\t\t<img decoding=\"async\" width=\"1024\" height=\"684\" src=\"https:\/\/challengeacademy.ro\/wp-content\/uploads\/2020\/09\/cha-5-1024x684.jpg\" class=\"attachment-large size-large wp-image-1879\" alt=\"\" srcset=\"https:\/\/challengeacademy.ro\/wp-content\/uploads\/2020\/09\/cha-5-1024x684.jpg 1024w, https:\/\/challengeacademy.ro\/wp-content\/uploads\/2020\/09\/cha-5-300x200.jpg 300w, https:\/\/challengeacademy.ro\/wp-content\/uploads\/2020\/09\/cha-5-768x513.jpg 768w, https:\/\/challengeacademy.ro\/wp-content\/uploads\/2020\/09\/cha-5-1536x1025.jpg 1536w, https:\/\/challengeacademy.ro\/wp-content\/uploads\/2020\/09\/cha-5-2048x1367.jpg 2048w\" sizes=\"(max-width: 1024px) 100vw, 1024px\" \/>\t\t\t\t\t\t\t\t\t\t\t\t\t\t\t<\/div>\n\t\t\t\t<\/div>\n\t\t\t\t<div class=\"elementor-element elementor-element-21ab8ff elementor-widget elementor-widget-text-editor\" data-id=\"21ab8ff\" data-element_type=\"widget\" data-e-type=\"widget\" data-widget_type=\"text-editor.default\">\n\t\t\t\t<div class=\"elementor-widget-container\">\n\t\t\t\t\t\t\t\t\t<p>Fie c\u0103 punem \u00een discu\u021bie \u00eensu\u0219irea de cuno\u0219tin\u021be, sau c\u0103 vorbim de <strong>mentorat<\/strong> (extins dincolo de sfera educa\u021biei de arhitectur\u0103), programul se bazeaz\u0103 pe punerea \u00een legatur\u0103 a arhitec\u021bilor \u0219i studen\u021bilor doctoranzi cu studen\u021bii din anii mici de studiu. Miz\u0103m astfel pe crearea unor cicluri de transmitere a know how-ului &#8211; fiecare individ parte din proces devine un generator de strategii. Altfel spus, <em>\u0218coala asta este o list\u0103 de nume<\/em>, cum prefer\u0103m s\u0103 esen\u021bializ\u0103m acest proces de experimentare-evaluare-reinventare.\u00a0<\/p>\t\t\t\t\t\t\t\t<\/div>\n\t\t\t\t<\/div>\n\t\t\t\t<div class=\"elementor-element elementor-element-87656c1 elementor-widget elementor-widget-image\" data-id=\"87656c1\" data-element_type=\"widget\" data-e-type=\"widget\" data-widget_type=\"image.default\">\n\t\t\t\t<div class=\"elementor-widget-container\">\n\t\t\t\t\t\t\t\t\t\t\t\t\t\t\t<img decoding=\"async\" width=\"1024\" height=\"684\" src=\"https:\/\/challengeacademy.ro\/wp-content\/uploads\/2020\/09\/cha-30-1024x684.jpg\" class=\"attachment-large size-large wp-image-1880\" alt=\"\" srcset=\"https:\/\/challengeacademy.ro\/wp-content\/uploads\/2020\/09\/cha-30-1024x684.jpg 1024w, https:\/\/challengeacademy.ro\/wp-content\/uploads\/2020\/09\/cha-30-300x200.jpg 300w, https:\/\/challengeacademy.ro\/wp-content\/uploads\/2020\/09\/cha-30-768x513.jpg 768w, https:\/\/challengeacademy.ro\/wp-content\/uploads\/2020\/09\/cha-30-1536x1025.jpg 1536w, https:\/\/challengeacademy.ro\/wp-content\/uploads\/2020\/09\/cha-30-2048x1367.jpg 2048w\" sizes=\"(max-width: 1024px) 100vw, 1024px\" \/>\t\t\t\t\t\t\t\t\t\t\t\t\t\t\t<\/div>\n\t\t\t\t<\/div>\n\t\t\t\t<div class=\"elementor-element elementor-element-7d1f243 elementor-widget elementor-widget-heading\" data-id=\"7d1f243\" data-element_type=\"widget\" data-e-type=\"widget\" data-widget_type=\"heading.default\">\n\t\t\t\t<div class=\"elementor-widget-container\">\n\t\t\t\t\t<h2 class=\"elementor-heading-title elementor-size-default\">Spa\u021biul<\/h2>\t\t\t\t<\/div>\n\t\t\t\t<\/div>\n\t\t\t\t<div class=\"elementor-element elementor-element-927bdcc elementor-widget elementor-widget-text-editor\" data-id=\"927bdcc\" data-element_type=\"widget\" data-e-type=\"widget\" data-widget_type=\"text-editor.default\">\n\t\t\t\t<div class=\"elementor-widget-container\">\n\t\t\t\t\t\t\t\t\t<p style=\"text-align: left;\">\u00centreaga explorare a acestor metode alternative de a aborda educa\u021bia de arhitectur\u0103 este g\u0103zduit\u0103 de Nod Makerspace, \u00een biblioteca de materiale Mater. Totu\u0219i, contextul pandemiei ne-a facut s\u0103 ne \u00eentreb\u0103m cum am putea \u00eenv\u0103\u021ba pe baza concursului, fara a ne autoimpune limitarile pe care le implica un loc fix. A\u0219adar, urmatoarea etapa pe care o pl\u0103nuim este reconectarea celor patru facultati de arhitectur\u0103 existente \u00een Romania, printr-un semestru de cursuri online \u0219i educatie prin competi\u021bie.<\/p><p style=\"text-align: center;\">\u00a0<\/p>\t\t\t\t\t\t\t\t<\/div>\n\t\t\t\t<\/div>\n\t\t\t\t<div class=\"elementor-element elementor-element-b9f5f6c elementor-widget elementor-widget-image\" data-id=\"b9f5f6c\" data-element_type=\"widget\" data-e-type=\"widget\" data-widget_type=\"image.default\">\n\t\t\t\t<div class=\"elementor-widget-container\">\n\t\t\t\t\t\t\t\t\t\t\t\t\t\t\t<img loading=\"lazy\" decoding=\"async\" width=\"1024\" height=\"684\" src=\"https:\/\/challengeacademy.ro\/wp-content\/uploads\/2020\/10\/cha-4-1024x684.jpg\" class=\"attachment-large size-large wp-image-1996\" alt=\"\" srcset=\"https:\/\/challengeacademy.ro\/wp-content\/uploads\/2020\/10\/cha-4-1024x684.jpg 1024w, https:\/\/challengeacademy.ro\/wp-content\/uploads\/2020\/10\/cha-4-300x200.jpg 300w, https:\/\/challengeacademy.ro\/wp-content\/uploads\/2020\/10\/cha-4-768x513.jpg 768w, https:\/\/challengeacademy.ro\/wp-content\/uploads\/2020\/10\/cha-4-1536x1025.jpg 1536w, https:\/\/challengeacademy.ro\/wp-content\/uploads\/2020\/10\/cha-4-2048x1367.jpg 2048w\" sizes=\"(max-width: 1024px) 100vw, 1024px\" \/>\t\t\t\t\t\t\t\t\t\t\t\t\t\t\t<\/div>\n\t\t\t\t<\/div>\n\t\t\t\t\t<\/div>\n\t\t<\/div>\n\t\t\t\t\t<\/div>\n\t\t<\/section>\n\t\t\t\t<\/div>","protected":false},"excerpt":{"rendered":"<p>Vision The Challenge Academy is an idea based school born out of a desire for creative exploration of what the architecture competition can do as an educational process. We imagined the competition as a great pretext that encourages training our problem-solving skills, while giving us a prize to pursue. The pop-up school intertwines the established &hellip;<\/p>\n<p class=\"read-more\"> <a class=\"\" href=\"https:\/\/challengeacademy.ro\/ro\/\"> <span class=\"screen-reader-text\">HOME<\/span> Read More &raquo;<\/a><\/p>","protected":false},"author":1,"featured_media":0,"parent":0,"menu_order":0,"comment_status":"closed","ping_status":"closed","template":"","meta":{"_monsterinsights_skip_tracking":false,"_monsterinsights_sitenote_active":false,"_monsterinsights_sitenote_note":"","_monsterinsights_sitenote_category":0,"footnotes":""},"class_list":["post-1015","page","type-page","status-publish","hentry"],"_links":{"self":[{"href":"https:\/\/challengeacademy.ro\/ro\/wp-json\/wp\/v2\/pages\/1015","targetHints":{"allow":["GET"]}}],"collection":[{"href":"https:\/\/challengeacademy.ro\/ro\/wp-json\/wp\/v2\/pages"}],"about":[{"href":"https:\/\/challengeacademy.ro\/ro\/wp-json\/wp\/v2\/types\/page"}],"author":[{"embeddable":true,"href":"https:\/\/challengeacademy.ro\/ro\/wp-json\/wp\/v2\/users\/1"}],"replies":[{"embeddable":true,"href":"https:\/\/challengeacademy.ro\/ro\/wp-json\/wp\/v2\/comments?post=1015"}],"version-history":[{"count":260,"href":"https:\/\/challengeacademy.ro\/ro\/wp-json\/wp\/v2\/pages\/1015\/revisions"}],"predecessor-version":[{"id":4309,"href":"https:\/\/challengeacademy.ro\/ro\/wp-json\/wp\/v2\/pages\/1015\/revisions\/4309"}],"wp:attachment":[{"href":"https:\/\/challengeacademy.ro\/ro\/wp-json\/wp\/v2\/media?parent=1015"}],"curies":[{"name":"wp","href":"https:\/\/api.w.org\/{rel}","templated":true}]}}