{"id":7,"date":"2020-02-05T18:42:13","date_gmt":"2020-02-05T16:42:13","guid":{"rendered":"https:\/\/challengeacademy.ro\/?page_id=7"},"modified":"2020-02-12T21:27:06","modified_gmt":"2020-02-12T19:27:06","slug":"the-academy","status":"publish","type":"page","link":"https:\/\/challengeacademy.ro\/ro\/the-academy\/","title":{"rendered":"Academia"},"content":{"rendered":"<div data-elementor-type=\"wp-page\" data-elementor-id=\"7\" class=\"elementor elementor-7\">\n\t\t\t\t\t\t<section class=\"elementor-section elementor-top-section elementor-element elementor-element-4c80c31 elementor-section-boxed elementor-section-height-default elementor-section-height-default\" data-id=\"4c80c31\" data-element_type=\"section\" data-e-type=\"section\">\n\t\t\t\t\t\t<div class=\"elementor-container elementor-column-gap-default\">\n\t\t\t\t\t<div class=\"elementor-column elementor-col-50 elementor-top-column elementor-element elementor-element-2606a83\" data-id=\"2606a83\" data-element_type=\"column\" data-e-type=\"column\">\n\t\t\t<div class=\"elementor-widget-wrap elementor-element-populated\">\n\t\t\t\t\t\t<div class=\"elementor-element elementor-element-a93add1 elementor-widget elementor-widget-heading\" data-id=\"a93add1\" data-element_type=\"widget\" data-e-type=\"widget\" data-widget_type=\"heading.default\">\n\t\t\t\t<div class=\"elementor-widget-container\">\n\t\t\t\t\t<h2 class=\"elementor-heading-title elementor-size-default\">Viziunea<\/h2>\t\t\t\t<\/div>\n\t\t\t\t<\/div>\n\t\t\t\t<div class=\"elementor-element elementor-element-7f1bc93 elementor-widget elementor-widget-text-editor\" data-id=\"7f1bc93\" data-element_type=\"widget\" data-e-type=\"widget\" data-widget_type=\"text-editor.default\">\n\t\t\t\t<div class=\"elementor-widget-container\">\n\t\t\t\t\t\t\t\t\t<p><span style=\"font-weight: 400;\">The Challenge Academy este o \u0219coal\u0103 de idee care s-a n\u0103scut din dorin\u021ba explor\u0103rii creative a ceea ce poate \u00eensemna competi\u021bia de arhitectur\u0103 ca proces educa\u021bional.<\/span><\/p>\n<p><span style=\"font-weight: 400;\">Proiectul \u00ee\u0219i propune s\u0103 dezvolte creativitatea \u0219i spiritul de competi\u021bie ale studentului, printr-o serie de cursuri care completeaz\u0103 curricula \u0219colar\u0103 \u0219i dau coeren\u021b\u0103 unui proiect, din faza de creare a conceptului p\u00e2n\u0103 la organizarea prezent\u0103rii acestuia.<\/span><\/p>\n<p><span style=\"font-weight: 400;\">Propunem o structur\u0103 prin care \u00eenv\u0103\u021b\u0103m s\u0103 construim pove\u0219ti care genereaz\u0103 arhitectur\u0103 cu sens, sau poate doar strategii \u0219i procese creative care ne vor ajuta s\u0103 \u00een\u021belegem mai bine domeniul \u0219i contextul lui actual. Ne mai propunem s\u0103 \u00eenv\u0103\u021b\u0103m s\u0103 ne comunic\u0103m relaxat ideile, indiferent de audien\u021b\u0103.&nbsp;<\/span><\/p>\t\t\t\t\t\t\t\t<\/div>\n\t\t\t\t<\/div>\n\t\t\t\t\t<\/div>\n\t\t<\/div>\n\t\t\t\t<div class=\"elementor-column elementor-col-50 elementor-top-column elementor-element elementor-element-871c444\" data-id=\"871c444\" data-element_type=\"column\" data-e-type=\"column\">\n\t\t\t<div class=\"elementor-widget-wrap elementor-element-populated\">\n\t\t\t\t\t\t<div class=\"elementor-element elementor-element-ba7bc02 elementor-widget elementor-widget-heading\" data-id=\"ba7bc02\" data-element_type=\"widget\" data-e-type=\"widget\" data-widget_type=\"heading.default\">\n\t\t\t\t<div class=\"elementor-widget-container\">\n\t\t\t\t\t<h2 class=\"elementor-heading-title elementor-size-default\">Atelierul<\/h2>\t\t\t\t<\/div>\n\t\t\t\t<\/div>\n\t\t\t\t<div class=\"elementor-element elementor-element-a2656b6 elementor-widget elementor-widget-text-editor\" data-id=\"a2656b6\" data-element_type=\"widget\" data-e-type=\"widget\" data-widget_type=\"text-editor.default\">\n\t\t\t\t<div class=\"elementor-widget-container\">\n\t\t\t\t\t\t\t\t\t<p>Consider\u0103m c\u0103 teritoriul competi\u021biei \u00een domeniul arhitecturii ar trebui explorat mai mult, \u00eentruc\u00e2t acesta invit\u0103 studentul s\u0103 rezolve probleme care pun \u00een discu\u021bie <strong>subiecte reale \u0219i de actualitate,<\/strong> din sfera socio-cultural\u0103.<\/p><p>The Challenge Academy \u00ee\u0219i propune s\u0103 dezvolte un proces de \u00eenv\u0103\u021bare organizat, structurat \u00een jurul multitudinii de competi\u021bii care ofer\u0103 subiecte relevante pentru abord\u0103ri creative.<\/p><p>Procesul de \u00eenv\u0103\u021bare \u0219i experien\u021ba pe care studen\u021bii le acumuleaz\u0103 sunt cel pu\u021bin la fel de valoroase ca premiul. Participarea noastr\u0103 implic\u0103 s\u0103 <strong>ne autodep\u0103\u0219im<\/strong>, <strong>fie c\u0103 suntem studen\u021bi<\/strong>, <strong>arhitec\u021bi, sau buni strategi<\/strong>.<\/p>\t\t\t\t\t\t\t\t<\/div>\n\t\t\t\t<\/div>\n\t\t\t\t\t<\/div>\n\t\t<\/div>\n\t\t\t\t\t<\/div>\n\t\t<\/section>\n\t\t\t\t<section class=\"elementor-section elementor-top-section elementor-element elementor-element-1a5d2ef elementor-section-boxed elementor-section-height-default elementor-section-height-default\" data-id=\"1a5d2ef\" data-element_type=\"section\" data-e-type=\"section\">\n\t\t\t\t\t\t<div class=\"elementor-container elementor-column-gap-default\">\n\t\t\t\t\t<div class=\"elementor-column elementor-col-50 elementor-top-column elementor-element elementor-element-a033dbd\" data-id=\"a033dbd\" data-element_type=\"column\" data-e-type=\"column\">\n\t\t\t<div class=\"elementor-widget-wrap elementor-element-populated\">\n\t\t\t\t\t\t<div class=\"elementor-element elementor-element-04cb85f elementor-widget elementor-widget-heading\" data-id=\"04cb85f\" data-element_type=\"widget\" data-e-type=\"widget\" data-widget_type=\"heading.default\">\n\t\t\t\t<div class=\"elementor-widget-container\">\n\t\t\t\t\t<h2 class=\"elementor-heading-title elementor-size-default\">Skill-uri antrenate<\/h2>\t\t\t\t<\/div>\n\t\t\t\t<\/div>\n\t\t\t\t<div class=\"elementor-element elementor-element-5959df7 elementor-widget elementor-widget-text-editor\" data-id=\"5959df7\" data-element_type=\"widget\" data-e-type=\"widget\" data-widget_type=\"text-editor.default\">\n\t\t\t\t<div class=\"elementor-widget-container\">\n\t\t\t\t\t\t\t\t\t<ul><li><span style=\"font-weight: 400;\">\u00cen\u021belegere a no\u021biunilor de baz\u0103 din domeniu, \u00een\u021belegerea no\u021biunii de ,,concept\u201d \u0219i a felului \u00een care se na\u0219te o idee;<\/span><\/li><li><span style=\"font-weight: 400;\">Creativitate \u00een rezolvarea problemelor - at\u00e2t \u00een domeniu c\u00e2t \u0219i \u00een afara lui;<\/span><\/li><li><span style=\"font-weight: 400;\">Dezvoltarea unui stil de lucru competitiv;<\/span><\/li><li><span style=\"font-weight: 400;\">Comunicare \u0219i abilit\u0103\u021bi de lucru \u00een echip\u0103 - datorit\u0103 echipelor variate \u00een care se va lucra \u0219i implic\u0103rii active \u00een conferin\u021be \u0219i prezent\u0103ri de proiecte;<\/span><\/li><li><span style=\"font-weight: 400;\">G\u00e2ndire strategic\u0103 \u0219i aplicat\u0103, de la concept la punere \u00een practic\u0103;<\/span><\/li><li><span style=\"font-weight: 400;\">Cuno\u0219tin\u021be de compozi\u021bie, imagine \u0219i randare.\u00a0<\/span><\/li><\/ul>\t\t\t\t\t\t\t\t<\/div>\n\t\t\t\t<\/div>\n\t\t\t\t\t<\/div>\n\t\t<\/div>\n\t\t\t\t<div class=\"elementor-column elementor-col-50 elementor-top-column elementor-element elementor-element-0579cad\" data-id=\"0579cad\" data-element_type=\"column\" data-e-type=\"column\">\n\t\t\t<div class=\"elementor-widget-wrap elementor-element-populated\">\n\t\t\t\t\t\t<div class=\"elementor-element elementor-element-c3a068d elementor-widget elementor-widget-heading\" data-id=\"c3a068d\" data-element_type=\"widget\" data-e-type=\"widget\" data-widget_type=\"heading.default\">\n\t\t\t\t<div class=\"elementor-widget-container\">\n\t\t\t\t\t<h2 class=\"elementor-heading-title elementor-size-default\">Spa\u021biul<\/h2>\t\t\t\t<\/div>\n\t\t\t\t<\/div>\n\t\t\t\t<div class=\"elementor-element elementor-element-ae5c7ec elementor-widget elementor-widget-text-editor\" data-id=\"ae5c7ec\" data-element_type=\"widget\" data-e-type=\"widget\" data-widget_type=\"text-editor.default\">\n\t\t\t\t<div class=\"elementor-widget-container\">\n\t\t\t\t\t\t\t\t\t<p class=\"translation-block\">Suntem bucuro\u0219i s\u0103 fim g\u0103zdui\u021bi de cel mai activ spa\u021biu de coworking din ora\u0219!<\/p><p>Cursurile vor avea loc la Mater, o bibliotec\u0103 de materiale pe care studen\u021bii vor avea ocazia s\u0103 o exploreze pe tot parcursul desf\u0103\u0219ur\u0103rii proiectului.<\/p>\t\t\t\t\t\t\t\t<\/div>\n\t\t\t\t<\/div>\n\t\t\t\t\t<\/div>\n\t\t<\/div>\n\t\t\t\t\t<\/div>\n\t\t<\/section>\n\t\t\t\t<section class=\"elementor-section elementor-top-section elementor-element elementor-element-8d616f4 elementor-section-boxed elementor-section-height-default elementor-section-height-default\" data-id=\"8d616f4\" data-element_type=\"section\" data-e-type=\"section\">\n\t\t\t\t\t\t<div class=\"elementor-container elementor-column-gap-default\">\n\t\t\t\t\t<div class=\"elementor-column elementor-col-50 elementor-top-column elementor-element elementor-element-eb9ff9a\" data-id=\"eb9ff9a\" data-element_type=\"column\" data-e-type=\"column\">\n\t\t\t<div class=\"elementor-widget-wrap elementor-element-populated\">\n\t\t\t\t\t\t<div class=\"elementor-element elementor-element-0bbc5e4 elementor-widget elementor-widget-image\" data-id=\"0bbc5e4\" data-element_type=\"widget\" data-e-type=\"widget\" data-widget_type=\"image.default\">\n\t\t\t\t<div class=\"elementor-widget-container\">\n\t\t\t\t\t\t\t\t\t\t\t\t\t\t\t<img fetchpriority=\"high\" decoding=\"async\" width=\"2560\" height=\"1440\" src=\"https:\/\/challengeacademy.ro\/wp-content\/uploads\/2020\/02\/Spatiu-1-scaled.jpg\" class=\"attachment-full size-full wp-image-656\" alt=\"\" srcset=\"https:\/\/challengeacademy.ro\/wp-content\/uploads\/2020\/02\/Spatiu-1-scaled.jpg 2560w, https:\/\/challengeacademy.ro\/wp-content\/uploads\/2020\/02\/Spatiu-1-300x169.jpg 300w, https:\/\/challengeacademy.ro\/wp-content\/uploads\/2020\/02\/Spatiu-1-1024x576.jpg 1024w, https:\/\/challengeacademy.ro\/wp-content\/uploads\/2020\/02\/Spatiu-1-768x432.jpg 768w, https:\/\/challengeacademy.ro\/wp-content\/uploads\/2020\/02\/Spatiu-1-1536x864.jpg 1536w, https:\/\/challengeacademy.ro\/wp-content\/uploads\/2020\/02\/Spatiu-1-2048x1152.jpg 2048w\" sizes=\"(max-width: 2560px) 100vw, 2560px\" \/>\t\t\t\t\t\t\t\t\t\t\t\t\t\t\t<\/div>\n\t\t\t\t<\/div>\n\t\t\t\t\t<\/div>\n\t\t<\/div>\n\t\t\t\t<div class=\"elementor-column elementor-col-50 elementor-top-column elementor-element elementor-element-f5f7cab\" data-id=\"f5f7cab\" data-element_type=\"column\" data-e-type=\"column\">\n\t\t\t<div class=\"elementor-widget-wrap elementor-element-populated\">\n\t\t\t\t\t\t<div class=\"elementor-element elementor-element-ab9659a elementor-widget elementor-widget-image\" data-id=\"ab9659a\" data-element_type=\"widget\" data-e-type=\"widget\" data-widget_type=\"image.default\">\n\t\t\t\t<div class=\"elementor-widget-container\">\n\t\t\t\t\t\t\t\t\t\t\t\t\t\t\t<img decoding=\"async\" width=\"960\" height=\"540\" src=\"https:\/\/challengeacademy.ro\/wp-content\/uploads\/2020\/02\/Spatiu-2.jpg\" class=\"attachment-full size-full wp-image-657\" alt=\"\" srcset=\"https:\/\/challengeacademy.ro\/wp-content\/uploads\/2020\/02\/Spatiu-2.jpg 960w, https:\/\/challengeacademy.ro\/wp-content\/uploads\/2020\/02\/Spatiu-2-300x169.jpg 300w, https:\/\/challengeacademy.ro\/wp-content\/uploads\/2020\/02\/Spatiu-2-768x432.jpg 768w\" sizes=\"(max-width: 960px) 100vw, 960px\" \/>\t\t\t\t\t\t\t\t\t\t\t\t\t\t\t<\/div>\n\t\t\t\t<\/div>\n\t\t\t\t\t<\/div>\n\t\t<\/div>\n\t\t\t\t\t<\/div>\n\t\t<\/section>\n\t\t\t\t<section class=\"elementor-section elementor-top-section elementor-element elementor-element-963ec17 elementor-section-boxed elementor-section-height-default elementor-section-height-default\" data-id=\"963ec17\" data-element_type=\"section\" data-e-type=\"section\">\n\t\t\t\t\t\t<div class=\"elementor-container elementor-column-gap-default\">\n\t\t\t\t\t<div class=\"elementor-column elementor-col-100 elementor-top-column elementor-element elementor-element-d814448\" data-id=\"d814448\" data-element_type=\"column\" data-e-type=\"column\">\n\t\t\t<div class=\"elementor-widget-wrap elementor-element-populated\">\n\t\t\t\t\t\t<div class=\"elementor-element elementor-element-caba67e elementor-widget elementor-widget-google_maps\" data-id=\"caba67e\" data-element_type=\"widget\" data-e-type=\"widget\" data-widget_type=\"google_maps.default\">\n\t\t\t\t<div class=\"elementor-widget-container\">\n\t\t\t\t\t\t\t<div class=\"elementor-custom-embed\">\n\t\t\t<iframe loading=\"lazy\"\n\t\t\t\t\tsrc=\"https:\/\/maps.google.com\/maps?q=nod%20makerspace&#038;t=m&#038;z=13&#038;output=embed&#038;iwloc=near\"\n\t\t\t\t\ttitle=\"nod makerspace\"\n\t\t\t\t\taria-label=\"nod makerspace\"\n\t\t\t><\/iframe>\n\t\t<\/div>\n\t\t\t\t\t\t<\/div>\n\t\t\t\t<\/div>\n\t\t\t\t\t<\/div>\n\t\t<\/div>\n\t\t\t\t\t<\/div>\n\t\t<\/section>\n\t\t\t\t<\/div>","protected":false},"excerpt":{"rendered":"<p>The Vision The Challenge Academy is an idea based school that was born out of a desire for creative exploration of what the architectural competition can do as an educational process. The project aims to develop the creativity and the competitive spirit of the student through a series of courses that take a project from &hellip;<\/p>\n<p class=\"read-more\"> <a class=\"\" href=\"https:\/\/challengeacademy.ro\/ro\/the-academy\/\"> <span class=\"screen-reader-text\">Academia<\/span> Read More &raquo;<\/a><\/p>","protected":false},"author":1,"featured_media":0,"parent":0,"menu_order":0,"comment_status":"closed","ping_status":"closed","template":"elementor_header_footer","meta":{"_monsterinsights_skip_tracking":false,"_monsterinsights_sitenote_active":false,"_monsterinsights_sitenote_note":"","_monsterinsights_sitenote_category":0,"footnotes":""},"class_list":["post-7","page","type-page","status-publish","hentry"],"_links":{"self":[{"href":"https:\/\/challengeacademy.ro\/ro\/wp-json\/wp\/v2\/pages\/7","targetHints":{"allow":["GET"]}}],"collection":[{"href":"https:\/\/challengeacademy.ro\/ro\/wp-json\/wp\/v2\/pages"}],"about":[{"href":"https:\/\/challengeacademy.ro\/ro\/wp-json\/wp\/v2\/types\/page"}],"author":[{"embeddable":true,"href":"https:\/\/challengeacademy.ro\/ro\/wp-json\/wp\/v2\/users\/1"}],"replies":[{"embeddable":true,"href":"https:\/\/challengeacademy.ro\/ro\/wp-json\/wp\/v2\/comments?post=7"}],"version-history":[{"count":56,"href":"https:\/\/challengeacademy.ro\/ro\/wp-json\/wp\/v2\/pages\/7\/revisions"}],"predecessor-version":[{"id":895,"href":"https:\/\/challengeacademy.ro\/ro\/wp-json\/wp\/v2\/pages\/7\/revisions\/895"}],"wp:attachment":[{"href":"https:\/\/challengeacademy.ro\/ro\/wp-json\/wp\/v2\/media?parent=7"}],"curies":[{"name":"wp","href":"https:\/\/api.w.org\/{rel}","templated":true}]}}